{"id":23579,"date":"2025-05-30T12:57:21","date_gmt":"2025-05-30T12:57:21","guid":{"rendered":"https:\/\/honigbee.com\/?post_type=product&#038;p=23579"},"modified":"2026-02-28T18:22:50","modified_gmt":"2026-02-28T18:22:50","slug":"500g-geroestete-cashews-meersalz-und-pfeffer","status":"publish","type":"product","link":"https:\/\/honigbee.com\/sv\/produkt\/500g-geroestete-cashews-meersalz-und-pfeffer\/","title":{"rendered":"500g Ger\u00f6stete Cashews Meersalz und Pfeffer \u2013 W\u00fcrziger Snack"},"content":{"rendered":"<div id=\"ez-toc-container\" class=\"ez-toc-v2_0_83 counter-hierarchy ez-toc-counter ez-toc-grey ez-toc-container-direction\">\n<div class=\"ez-toc-title-container\">\n<p class=\"ez-toc-title\" style=\"cursor:inherit\">Inneh\u00e5llsf\u00f6rteckning<\/p>\n<span class=\"ez-toc-title-toggle\"><a href=\"#\" class=\"ez-toc-pull-right ez-toc-btn ez-toc-btn-xs ez-toc-btn-default ez-toc-toggle\" aria-label=\"V\u00e4xla inneh\u00e5llsf\u00f6rteckning\"><span class=\"ez-toc-js-icon-con\"><span class=\"\"><span class=\"eztoc-hide\" style=\"display:none;\">V\u00e4xla<\/span><span class=\"ez-toc-icon-toggle-span\"><svg style=\"fill: #999;color:#999\" xmlns=\"http:\/\/www.w3.org\/2000\/svg\" class=\"list-377408\" width=\"20px\" height=\"20px\" viewbox=\"0 0 24 24\" fill=\"none\"><path d=\"M6 6H4v2h2V6zm14 0H8v2h12V6zM4 11h2v2H4v-2zm16 0H8v2h12v-2zM4 16h2v2H4v-2zm16 0H8v2h12v-2z\" fill=\"currentColor\"><\/path><\/svg><svg style=\"fill: #999;color:#999\" class=\"arrow-unsorted-368013\" xmlns=\"http:\/\/www.w3.org\/2000\/svg\" width=\"10px\" height=\"10px\" viewbox=\"0 0 24 24\" version=\"1.2\" baseprofile=\"tiny\"><path d=\"M18.2 9.3l-6.2-6.3-6.2 6.3c-.2.2-.3.4-.3.7s.1.5.3.7c.2.2.4.3.7.3h11c.3 0 .5-.1.7-.3.2-.2.3-.5.3-.7s-.1-.5-.3-.7zM5.8 14.7l6.2 6.3 6.2-6.3c.2-.2.3-.5.3-.7s-.1-.5-.3-.7c-.2-.2-.4-.3-.7-.3h-11c-.3 0-.5.1-.7.3-.2.2-.3.5-.3.7s.1.5.3.7z\"\/><\/svg><\/span><\/span><\/span><\/a><\/span><\/div>\n<nav><ul class='ez-toc-list ez-toc-list-level-1' ><li class='ez-toc-page-1 ez-toc-heading-level-4'><a class=\"ez-toc-link ez-toc-heading-1\" href=\"https:\/\/honigbee.com\/sv\/produkt\/500g-geroestete-cashews-meersalz-und-pfeffer\/#500g_Gerostete_Cashews_Meersalz_und_Pfeffer_%E2%80%93_wurzig_und_aromatisch\" >500g Ger\u00f6stete Cashews Meersalz und Pfeffer \u2013 w\u00fcrzig und aromatisch<\/a><\/li><li class='ez-toc-page-1 ez-toc-heading-level-4'><a class=\"ez-toc-link ez-toc-heading-2\" href=\"https:\/\/honigbee.com\/sv\/produkt\/500g-geroestete-cashews-meersalz-und-pfeffer\/#Eigenschaften\" >Egenskaper<\/a><\/li><li class='ez-toc-page-1 ez-toc-heading-level-4'><a class=\"ez-toc-link ez-toc-heading-3\" href=\"https:\/\/honigbee.com\/sv\/produkt\/500g-geroestete-cashews-meersalz-und-pfeffer\/#Verwendung\" >anv\u00e4nda<\/a><\/li><li class='ez-toc-page-1 ez-toc-heading-level-4'><a class=\"ez-toc-link ez-toc-heading-4\" href=\"https:\/\/honigbee.com\/sv\/produkt\/500g-geroestete-cashews-meersalz-und-pfeffer\/#Produktdetails\" >Produktinformation<\/a><\/li><li class='ez-toc-page-1 ez-toc-heading-level-4'><a class=\"ez-toc-link ez-toc-heading-5\" href=\"https:\/\/honigbee.com\/sv\/produkt\/500g-geroestete-cashews-meersalz-und-pfeffer\/#Weitere_Inspiration_entdecken\" >Weitere Inspiration entdecken<\/a><\/li><\/ul><\/nav><\/div>\n<h4 data-start=\"422\" data-end=\"494\"><span class=\"ez-toc-section\" id=\"500g_Gerostete_Cashews_Meersalz_und_Pfeffer_%E2%80%93_wurzig_und_aromatisch\"><\/span>500g Ger\u00f6stete Cashews Meersalz und Pfeffer \u2013 w\u00fcrzig und aromatisch<span class=\"ez-toc-section-end\"><\/span><\/h4>\n<p data-start=\"496\" data-end=\"725\">Diese ger\u00f6steten Cashews werden mit Meersalz und Pfeffer verfeinert und \u00fcberzeugen durch ihren mild-buttrigen Geschmack mit einer angenehmen W\u00fcrze. Die sorgf\u00e4ltige R\u00f6stung sorgt f\u00fcr eine knusprige Textur und ein intensives Aroma.<\/p>\n<p data-start=\"727\" data-end=\"793\">Die 500g Packung eignet sich ideal f\u00fcr den Vorrat oder zum Teilen.<\/p>\n<hr data-start=\"795\" data-end=\"798\" \/>\n<h4 data-start=\"800\" data-end=\"818\"><span class=\"ez-toc-section\" id=\"Eigenschaften\"><\/span>Egenskaper<span class=\"ez-toc-section-end\"><\/span><\/h4>\n<p data-start=\"820\" data-end=\"972\">\u2022 Knusprig ger\u00f6stet<br data-start=\"839\" data-end=\"842\" \/>\u2022 Verfeinert mit Meersalz und Pfeffer<br data-start=\"879\" data-end=\"882\" \/>\u2022 Angenehm w\u00fcrziger Geschmack<br data-start=\"911\" data-end=\"914\" \/>\u2022 Ideal als Snack oder Zutat<br data-start=\"942\" data-end=\"945\" \/>\u2022 Praktische 500g Packung<\/p>\n<hr data-start=\"974\" data-end=\"977\" \/>\n<h4 data-start=\"979\" data-end=\"994\"><span class=\"ez-toc-section\" id=\"Verwendung\"><\/span>anv\u00e4nda<span class=\"ez-toc-section-end\"><\/span><\/h4>\n<p data-start=\"996\" data-end=\"1221\">Die Cashews eignen sich hervorragend als herzhafter Snack f\u00fcr zwischendurch. Sie passen auch gut zu Salaten, Bowls oder als Topping f\u00fcr herzhafte Gerichte. Durch die ausgewogene W\u00fcrzung lassen sie sich vielseitig kombinieren.<\/p>\n<hr data-start=\"1223\" data-end=\"1226\" \/>\n<h4 data-start=\"1228\" data-end=\"1247\"><span class=\"ez-toc-section\" id=\"Produktdetails\"><\/span>Produktinformation<span class=\"ez-toc-section-end\"><\/span><\/h4>\n<p data-start=\"1249\" data-end=\"1384\">Inneh\u00e5ll: 500 g<br data-start=\"1262\" data-end=\"1265\" \/>Zutaten: Cashewkerne, Raps\u00f6l, Salz, Pfeffer<br data-start=\"1308\" data-end=\"1311\" \/>Kann Spuren von anderen Schalenfr\u00fcchten, Erdn\u00fcssen und Sesam enthalten.<\/p>\n<hr data-start=\"2584\" data-end=\"2587\" \/>\n<h4 data-start=\"413\" data-end=\"449\"><span class=\"ez-toc-section\" id=\"Weitere_Inspiration_entdecken\"><\/span>Weitere Inspiration entdecken<span class=\"ez-toc-section-end\"><\/span><\/h4>\n<p data-start=\"450\" data-end=\"582\">Du suchst weitere besondere Produkte? Entdecke zus\u00e4tzliche Highlights in unserem Sortiment oder st\u00f6bere in unseren Partnerprojekten:<\/p>\n<ul data-start=\"584\" data-end=\"920\">\n<li data-start=\"584\" data-end=\"656\"><a href=\"https:\/\/honigbee.com\/sv\/shop\/\">Weitere Naturprodukte bei Honigbee entdecken<\/a><\/li>\n<li data-start=\"657\" data-end=\"783\">\n<p data-start=\"659\" data-end=\"783\"><a href=\"https:\/\/matvana.com\/shop\/\" target=\"_blank\" rel=\"noopener\">Stilvolle Wohnideen bei Matvana ansehen<\/a><\/p>\n<\/li>\n<li data-start=\"784\" data-end=\"920\">\n<p data-start=\"786\" data-end=\"920\"><a href=\"https:\/\/saphirsmaragd.com\/shop\/\" target=\"_blank\" rel=\"noopener\">Edelsteine &amp; Schmuck bei Saphir &amp; Smaragd ansehen<\/a><\/p>\n<\/li>\n<\/ul>\n<hr data-start=\"1931\" data-end=\"1934\" \/>\n<p>Produktbilder dienen der Veranschaulichung. Verpackungsdesign kann abweichen.<\/p>","protected":false},"excerpt":{"rendered":"<p data-start=\"260\" data-end=\"392\"><em>500g Ger\u00f6stete Cashews Meersalz und Pfeffer. Ideal als w\u00fcrziger Snack oder zum Verfeinern von Gerichten.<\/em><\/p>","protected":false},"featured_media":42141,"comment_status":"open","ping_status":"closed","template":"","meta":{"_glsr_average":0,"_glsr_ranking":0,"_glsr_reviews":0},"product_brand":[],"product_cat":[635],"product_tag":[],"class_list":{"0":"post-23579","1":"product","2":"type-product","3":"status-publish","4":"has-post-thumbnail","6":"product_cat-cashewkerne","8":"first","9":"instock","10":"shipping-taxable","11":"purchasable","12":"product-type-simple","13":"add-to-wishlist-before_image"},"jetpack_sharing_enabled":true,"_links":{"self":[{"href":"https:\/\/honigbee.com\/sv\/wp-json\/wp\/v2\/product\/23579","targetHints":{"allow":["GET"]}}],"collection":[{"href":"https:\/\/honigbee.com\/sv\/wp-json\/wp\/v2\/product"}],"about":[{"href":"https:\/\/honigbee.com\/sv\/wp-json\/wp\/v2\/types\/product"}],"replies":[{"embeddable":true,"href":"https:\/\/honigbee.com\/sv\/wp-json\/wp\/v2\/comments?post=23579"}],"version-history":[{"count":4,"href":"https:\/\/honigbee.com\/sv\/wp-json\/wp\/v2\/product\/23579\/revisions"}],"predecessor-version":[{"id":43144,"href":"https:\/\/honigbee.com\/sv\/wp-json\/wp\/v2\/product\/23579\/revisions\/43144"}],"wp:featuredmedia":[{"embeddable":true,"href":"https:\/\/honigbee.com\/sv\/wp-json\/wp\/v2\/media\/42141"}],"wp:attachment":[{"href":"https:\/\/honigbee.com\/sv\/wp-json\/wp\/v2\/media?parent=23579"}],"wp:term":[{"taxonomy":"product_brand","embeddable":true,"href":"https:\/\/honigbee.com\/sv\/wp-json\/wp\/v2\/product_brand?post=23579"},{"taxonomy":"product_cat","embeddable":true,"href":"https:\/\/honigbee.com\/sv\/wp-json\/wp\/v2\/product_cat?post=23579"},{"taxonomy":"product_tag","embeddable":true,"href":"https:\/\/honigbee.com\/sv\/wp-json\/wp\/v2\/product_tag?post=23579"}],"curies":[{"name":"wp","href":"https:\/\/api.w.org\/{rel}","templated":true}]}}