{"id":30321,"date":"2025-09-05T18:32:16","date_gmt":"2025-09-05T18:32:16","guid":{"rendered":"https:\/\/honigbee.com\/?post_type=product&#038;p=30321"},"modified":"2026-03-16T19:21:10","modified_gmt":"2026-03-16T19:21:10","slug":"sidr-honig-aus-peschawar-250g","status":"publish","type":"product","link":"https:\/\/honigbee.com\/sv\/produkt\/sidr-honig-aus-peschawar-250g\/","title":{"rendered":"250 g Sidrhonung fr\u00e5n Peshawar \u2013 Fin jujubehonung fr\u00e5n Pakistan"},"content":{"rendered":"<div id=\"ez-toc-container\" class=\"ez-toc-v2_0_83 counter-hierarchy ez-toc-counter ez-toc-grey ez-toc-container-direction\">\n<div class=\"ez-toc-title-container\">\n<p class=\"ez-toc-title\" style=\"cursor:inherit\">Inneh\u00e5llsf\u00f6rteckning<\/p>\n<span class=\"ez-toc-title-toggle\"><a href=\"#\" class=\"ez-toc-pull-right ez-toc-btn ez-toc-btn-xs ez-toc-btn-default ez-toc-toggle\" aria-label=\"V\u00e4xla inneh\u00e5llsf\u00f6rteckning\"><span class=\"ez-toc-js-icon-con\"><span class=\"\"><span class=\"eztoc-hide\" style=\"display:none;\">V\u00e4xla<\/span><span class=\"ez-toc-icon-toggle-span\"><svg style=\"fill: #999;color:#999\" xmlns=\"http:\/\/www.w3.org\/2000\/svg\" class=\"list-377408\" width=\"20px\" height=\"20px\" viewbox=\"0 0 24 24\" fill=\"none\"><path d=\"M6 6H4v2h2V6zm14 0H8v2h12V6zM4 11h2v2H4v-2zm16 0H8v2h12v-2zM4 16h2v2H4v-2zm16 0H8v2h12v-2z\" fill=\"currentColor\"><\/path><\/svg><svg style=\"fill: #999;color:#999\" class=\"arrow-unsorted-368013\" xmlns=\"http:\/\/www.w3.org\/2000\/svg\" width=\"10px\" height=\"10px\" viewbox=\"0 0 24 24\" version=\"1.2\" baseprofile=\"tiny\"><path d=\"M18.2 9.3l-6.2-6.3-6.2 6.3c-.2.2-.3.4-.3.7s.1.5.3.7c.2.2.4.3.7.3h11c.3 0 .5-.1.7-.3.2-.2.3-.5.3-.7s-.1-.5-.3-.7zM5.8 14.7l6.2 6.3 6.2-6.3c.2-.2.3-.5.3-.7s-.1-.5-.3-.7c-.2-.2-.4-.3-.7-.3h-11c-.3 0-.5.1-.7.3-.2.2-.3.5-.3.7s.1.5.3.7z\"\/><\/svg><\/span><\/span><\/span><\/a><\/span><\/div>\n<nav><ul class='ez-toc-list ez-toc-list-level-1' ><li class='ez-toc-page-1 ez-toc-heading-level-4'><a class=\"ez-toc-link ez-toc-heading-1\" href=\"https:\/\/honigbee.com\/sv\/produkt\/sidr-honig-aus-peschawar-250g\/#250_g_Sidr_Honig_aus_Peschawar_%E2%80%93_fein_sus_und_nahrhaft\" >250 g Sidr-honung fr\u00e5n Peshawar \u2013 fin, s\u00f6t och n\u00e4ringsrik<\/a><\/li><li class='ez-toc-page-1 ez-toc-heading-level-4'><a class=\"ez-toc-link ez-toc-heading-2\" href=\"https:\/\/honigbee.com\/sv\/produkt\/sidr-honig-aus-peschawar-250g\/#Merkmale_Herkunft\" >Egenskaper och ursprung<\/a><\/li><li class='ez-toc-page-1 ez-toc-heading-level-4'><a class=\"ez-toc-link ez-toc-heading-3\" href=\"https:\/\/honigbee.com\/sv\/produkt\/sidr-honig-aus-peschawar-250g\/#Besonderheiten\" >Specialfunktioner<\/a><\/li><li class='ez-toc-page-1 ez-toc-heading-level-4'><a class=\"ez-toc-link ez-toc-heading-4\" href=\"https:\/\/honigbee.com\/sv\/produkt\/sidr-honig-aus-peschawar-250g\/#Weitere_Inspiration_entdecken\" >Weitere Inspiration entdecken<\/a><\/li><\/ul><\/nav><\/div>\n<h4 data-start=\"840\" data-end=\"902\"><span class=\"ez-toc-section\" id=\"250_g_Sidr_Honig_aus_Peschawar_%E2%80%93_fein_sus_und_nahrhaft\"><\/span>250 g Sidr-honung fr\u00e5n Peshawar \u2013 fin, s\u00f6t och n\u00e4ringsrik<span class=\"ez-toc-section-end\"><\/span><\/h4>\n<p data-start=\"903\" data-end=\"1171\">Denna honung kommer fr\u00e5n blommorna p\u00e5 jujubetr\u00e4det i Peshawar-regionen i Pakistan. Den \u00e4r k\u00e4nd f\u00f6r sin delikata arom, s\u00f6ta smak och h\u00f6ga kvalitet. Sidr-honung har varit uppskattad i Pakistan i \u00e5rhundraden f\u00f6r sina unika egenskaper.<\/p>\n<hr data-start=\"1173\" data-end=\"1176\" \/>\n<h4 data-start=\"1178\" data-end=\"1207\"><span class=\"ez-toc-section\" id=\"Merkmale_Herkunft\"><\/span>Egenskaper och ursprung<span class=\"ez-toc-section-end\"><\/span><\/h4>\n<ul data-start=\"1208\" data-end=\"1449\">\n<li data-start=\"1208\" data-end=\"1245\">\n<p data-start=\"1210\" data-end=\"1245\">Produkt: Sidr honung (jujube honung)<\/p>\n<\/li>\n<li data-start=\"1246\" data-end=\"1286\">\n<p data-start=\"1248\" data-end=\"1286\">Ursprung: Pakistan, Peshawar-regionen<\/p>\n<\/li>\n<li data-start=\"1287\" data-end=\"1322\">\n<p data-start=\"1289\" data-end=\"1322\">Tr\u00e4dslag: Jujubetr\u00e4d (Ziziphus)<\/p>\n<\/li>\n<li data-start=\"1323\" data-end=\"1367\">\n<p data-start=\"1325\" data-end=\"1367\">Specialfunktion: Raffinerad, delikat smak<\/p>\n<\/li>\n<li data-start=\"1368\" data-end=\"1404\">\n<p data-start=\"1370\" data-end=\"1404\">Smak: S\u00f6t, aromatisk, delikat<\/p>\n<\/li>\n<li data-start=\"1405\" data-end=\"1432\">\n<p data-start=\"1407\" data-end=\"1432\">F\u00f6rpackningsstorlek: 250 g<\/p>\n<\/li>\n<\/ul>\n<hr data-start=\"1451\" data-end=\"1454\" \/>\n<h4 data-start=\"1456\" data-end=\"1480\"><span class=\"ez-toc-section\" id=\"Besonderheiten\"><\/span>Specialfunktioner<span class=\"ez-toc-section-end\"><\/span><\/h4>\n<p data-start=\"1481\" data-end=\"1773\">De <strong data-start=\"1485\" data-end=\"1519\">250 g Sidr-honung fr\u00e5n Peshawar<\/strong> Den \u00e4r rik p\u00e5 j\u00e4rn, kalcium och vitamin A och C. Den anv\u00e4nds traditionellt f\u00f6r att behandla f\u00f6rkylningar och anses vara en st\u00e4rkande naturprodukt f\u00f6r kropp och sj\u00e4l. Dess s\u00f6ta smak g\u00f6r den till en njutning oavsett om den avnjuts som den \u00e4r, i te eller till desserter.<\/p>\n<hr data-start=\"1683\" data-end=\"1686\" \/>\n<h4 data-start=\"413\" data-end=\"449\"><span class=\"ez-toc-section\" id=\"Weitere_Inspiration_entdecken\"><\/span>Weitere Inspiration entdecken<span class=\"ez-toc-section-end\"><\/span><\/h4>\n<p data-start=\"450\" data-end=\"582\">Du suchst weitere besondere Produkte? Entdecke zus\u00e4tzliche Highlights in unserem Sortiment oder st\u00f6bere in unseren Partnerprojekten:<\/p>\n<ul data-start=\"584\" data-end=\"920\">\n<li data-start=\"584\" data-end=\"656\"><a href=\"https:\/\/honigbee.com\/sv\/shop\/\">Weitere Naturprodukte bei Honigbee entdecken<\/a><\/li>\n<li data-start=\"657\" data-end=\"783\">\n<p data-start=\"659\" data-end=\"783\"><a href=\"https:\/\/matvana.com\/shop\/\" target=\"_blank\" rel=\"noopener\">Stilvolle Wohnideen bei Matvana ansehen<\/a><\/p>\n<\/li>\n<li data-start=\"784\" data-end=\"920\">\n<p data-start=\"786\" data-end=\"920\"><a href=\"https:\/\/saphirsmaragd.com\/shop\/\" target=\"_blank\" rel=\"noopener\">Edelsteine &amp; Schmuck bei Saphir &amp; Smaragd ansehen<\/a><\/p>\n<\/li>\n<\/ul>\n<hr data-start=\"1931\" data-end=\"1934\" \/>\n<p>Produktbilder dienen der Veranschaulichung. Verpackungsdesign kann abweichen.<\/p>","protected":false},"excerpt":{"rendered":"<p data-start=\"455\" data-end=\"712\"><em>Denna 250 g burk Sidr-honung fr\u00e5n Peshawar, Pakistan, imponerar med sin delikata arom och unikt s\u00f6ta smak. Rik p\u00e5 v\u00e4rdefulla mineraler och perfekt f\u00f6r att st\u00e4rka immunf\u00f6rsvaret.<\/em><\/p>\n<p data-start=\"714\" data-end=\"806\">","protected":false},"featured_media":43845,"comment_status":"open","ping_status":"closed","template":"","meta":{"_glsr_average":0,"_glsr_ranking":0,"_glsr_reviews":0},"product_brand":[],"product_cat":[69],"product_tag":[],"class_list":{"0":"post-30321","1":"product","2":"type-product","3":"status-publish","4":"has-post-thumbnail","6":"product_cat-sidr-honig","8":"first","9":"instock","10":"shipping-taxable","11":"purchasable","12":"product-type-simple","13":"add-to-wishlist-before_image"},"jetpack_sharing_enabled":true,"_links":{"self":[{"href":"https:\/\/honigbee.com\/sv\/wp-json\/wp\/v2\/product\/30321","targetHints":{"allow":["GET"]}}],"collection":[{"href":"https:\/\/honigbee.com\/sv\/wp-json\/wp\/v2\/product"}],"about":[{"href":"https:\/\/honigbee.com\/sv\/wp-json\/wp\/v2\/types\/product"}],"replies":[{"embeddable":true,"href":"https:\/\/honigbee.com\/sv\/wp-json\/wp\/v2\/comments?post=30321"}],"version-history":[{"count":5,"href":"https:\/\/honigbee.com\/sv\/wp-json\/wp\/v2\/product\/30321\/revisions"}],"predecessor-version":[{"id":43846,"href":"https:\/\/honigbee.com\/sv\/wp-json\/wp\/v2\/product\/30321\/revisions\/43846"}],"wp:featuredmedia":[{"embeddable":true,"href":"https:\/\/honigbee.com\/sv\/wp-json\/wp\/v2\/media\/43845"}],"wp:attachment":[{"href":"https:\/\/honigbee.com\/sv\/wp-json\/wp\/v2\/media?parent=30321"}],"wp:term":[{"taxonomy":"product_brand","embeddable":true,"href":"https:\/\/honigbee.com\/sv\/wp-json\/wp\/v2\/product_brand?post=30321"},{"taxonomy":"product_cat","embeddable":true,"href":"https:\/\/honigbee.com\/sv\/wp-json\/wp\/v2\/product_cat?post=30321"},{"taxonomy":"product_tag","embeddable":true,"href":"https:\/\/honigbee.com\/sv\/wp-json\/wp\/v2\/product_tag?post=30321"}],"curies":[{"name":"wp","href":"https:\/\/api.w.org\/{rel}","templated":true}]}}