{"id":44615,"date":"2026-05-08T13:28:42","date_gmt":"2026-05-08T13:28:42","guid":{"rendered":"https:\/\/honigbee.com\/?post_type=product&#038;p=44615"},"modified":"2026-05-08T13:34:55","modified_gmt":"2026-05-08T13:34:55","slug":"magic-spell-candle-cleansing-spirituelle-duftkerze-zur-reinigung-energieklaerung-im-glas-20x5-cm","status":"publish","type":"product","link":"https:\/\/honigbee.com\/sv\/produkt\/magic-spell-candle-cleansing-spirituelle-duftkerze-zur-reinigung-energieklaerung-im-glas-20x5-cm\/","title":{"rendered":"Magic Spell Candle Cleansing \u2013 Spirituelle Duftkerze zur Reinigung &#038; Energiekl\u00e4rung im Glas 20&#215;5 cm"},"content":{"rendered":"<div id=\"ez-toc-container\" class=\"ez-toc-v2_0_83 counter-hierarchy ez-toc-counter ez-toc-grey ez-toc-container-direction\">\n<div class=\"ez-toc-title-container\">\n<p class=\"ez-toc-title\" style=\"cursor:inherit\">Inneh\u00e5llsf\u00f6rteckning<\/p>\n<span class=\"ez-toc-title-toggle\"><a href=\"#\" class=\"ez-toc-pull-right ez-toc-btn ez-toc-btn-xs ez-toc-btn-default ez-toc-toggle\" aria-label=\"V\u00e4xla inneh\u00e5llsf\u00f6rteckning\"><span class=\"ez-toc-js-icon-con\"><span class=\"\"><span class=\"eztoc-hide\" style=\"display:none;\">V\u00e4xla<\/span><span class=\"ez-toc-icon-toggle-span\"><svg style=\"fill: #999;color:#999\" xmlns=\"http:\/\/www.w3.org\/2000\/svg\" class=\"list-377408\" width=\"20px\" height=\"20px\" viewbox=\"0 0 24 24\" fill=\"none\"><path d=\"M6 6H4v2h2V6zm14 0H8v2h12V6zM4 11h2v2H4v-2zm16 0H8v2h12v-2zM4 16h2v2H4v-2zm16 0H8v2h12v-2z\" fill=\"currentColor\"><\/path><\/svg><svg style=\"fill: #999;color:#999\" class=\"arrow-unsorted-368013\" xmlns=\"http:\/\/www.w3.org\/2000\/svg\" width=\"10px\" height=\"10px\" viewbox=\"0 0 24 24\" version=\"1.2\" baseprofile=\"tiny\"><path d=\"M18.2 9.3l-6.2-6.3-6.2 6.3c-.2.2-.3.4-.3.7s.1.5.3.7c.2.2.4.3.7.3h11c.3 0 .5-.1.7-.3.2-.2.3-.5.3-.7s-.1-.5-.3-.7zM5.8 14.7l6.2 6.3 6.2-6.3c.2-.2.3-.5.3-.7s-.1-.5-.3-.7c-.2-.2-.4-.3-.7-.3h-11c-.3 0-.5.1-.7.3-.2.2-.3.5-.3.7s.1.5.3.7z\"\/><\/svg><\/span><\/span><\/span><\/a><\/span><\/div>\n<nav><ul class='ez-toc-list ez-toc-list-level-1' ><li class='ez-toc-page-1 ez-toc-heading-level-4'><a class=\"ez-toc-link ez-toc-heading-1\" href=\"https:\/\/honigbee.com\/sv\/produkt\/magic-spell-candle-cleansing-spirituelle-duftkerze-zur-reinigung-energieklaerung-im-glas-20x5-cm\/#Magic_Spell_Candle_Cleansing_fur_energetische_Reinigung\" >Magic Spell Candle Cleansing f\u00fcr energetische Reinigung<\/a><\/li><li class='ez-toc-page-1 ez-toc-heading-level-4'><a class=\"ez-toc-link ez-toc-heading-2\" href=\"https:\/\/honigbee.com\/sv\/produkt\/magic-spell-candle-cleansing-spirituelle-duftkerze-zur-reinigung-energieklaerung-im-glas-20x5-cm\/#Symbolik_des_Feuers_fur_Reinigung_und_Klarheit\" >Symbolik des Feuers f\u00fcr Reinigung und Klarheit<\/a><\/li><li class='ez-toc-page-1 ez-toc-heading-level-4'><a class=\"ez-toc-link ez-toc-heading-3\" href=\"https:\/\/honigbee.com\/sv\/produkt\/magic-spell-candle-cleansing-spirituelle-duftkerze-zur-reinigung-energieklaerung-im-glas-20x5-cm\/#Perfekt_fur_Rituale_und_bewusste_Momente\" >Perfekt f\u00fcr Rituale und bewusste Momente<\/a><\/li><li class='ez-toc-page-1 ez-toc-heading-level-4'><a class=\"ez-toc-link ez-toc-heading-4\" href=\"https:\/\/honigbee.com\/sv\/produkt\/magic-spell-candle-cleansing-spirituelle-duftkerze-zur-reinigung-energieklaerung-im-glas-20x5-cm\/#Lange_Brenndauer_fur_intensive_Wirkung\" >Lange Brenndauer f\u00fcr intensive Wirkung<\/a><\/li><li class='ez-toc-page-1 ez-toc-heading-level-4'><a class=\"ez-toc-link ez-toc-heading-5\" href=\"https:\/\/honigbee.com\/sv\/produkt\/magic-spell-candle-cleansing-spirituelle-duftkerze-zur-reinigung-energieklaerung-im-glas-20x5-cm\/#Produktdetails\" >Produktinformation<\/a><\/li><li class='ez-toc-page-1 ez-toc-heading-level-4'><a class=\"ez-toc-link ez-toc-heading-6\" href=\"https:\/\/honigbee.com\/sv\/produkt\/magic-spell-candle-cleansing-spirituelle-duftkerze-zur-reinigung-energieklaerung-im-glas-20x5-cm\/#Weitere_Inspiration_entdecken\" >Weitere Inspiration entdecken<\/a><\/li><\/ul><\/nav><\/div>\n<h4 data-start=\"535\" data-end=\"597\"><span class=\"ez-toc-section\" id=\"Magic_Spell_Candle_Cleansing_fur_energetische_Reinigung\"><\/span>Magic Spell Candle Cleansing f\u00fcr energetische Reinigung<span class=\"ez-toc-section-end\"><\/span><\/h4>\n<p data-start=\"598\" data-end=\"735\">Die Magic Spell Candle Cleansing unterst\u00fctzt Sie dabei, negative Energien loszulassen und eine klare, harmonische Atmosph\u00e4re zu schaffen.<\/p>\n<hr data-start=\"737\" data-end=\"740\" \/>\n<h4 data-start=\"742\" data-end=\"795\"><span class=\"ez-toc-section\" id=\"Symbolik_des_Feuers_fur_Reinigung_und_Klarheit\"><\/span>Symbolik des Feuers f\u00fcr Reinigung und Klarheit<span class=\"ez-toc-section-end\"><\/span><\/h4>\n<p data-start=\"796\" data-end=\"916\">Das Element Feuer steht f\u00fcr Reinigung, Transformation und Erneuerung \u2013 ideal, um neue Energie in Ihr Zuhause zu bringen.<\/p>\n<hr data-start=\"918\" data-end=\"921\" \/>\n<h4 data-start=\"923\" data-end=\"970\"><span class=\"ez-toc-section\" id=\"Perfekt_fur_Rituale_und_bewusste_Momente\"><\/span>Perfekt f\u00fcr Rituale und bewusste Momente<span class=\"ez-toc-section-end\"><\/span><\/h4>\n<p data-start=\"971\" data-end=\"992\">Ideal geeignet f\u00fcr:<\/p>\n<p data-start=\"994\" data-end=\"1099\">\u2022 Energetische Reinigung<br data-start=\"1018\" data-end=\"1021\" \/>\u2022 Meditation &amp; Achtsamkeit<br data-start=\"1047\" data-end=\"1050\" \/>\u2022 Spirituelle Rituale<br data-start=\"1071\" data-end=\"1074\" \/>\u2022 Entspannung im Alltag<\/p>\n<hr data-start=\"1101\" data-end=\"1104\" \/>\n<h4 data-start=\"1106\" data-end=\"1151\"><span class=\"ez-toc-section\" id=\"Lange_Brenndauer_fur_intensive_Wirkung\"><\/span>Lange Brenndauer f\u00fcr intensive Wirkung<span class=\"ez-toc-section-end\"><\/span><\/h4>\n<p data-start=\"1152\" data-end=\"1269\">Mit einer Brenndauer von bis zu 50 Stunden sorgt diese Kerze f\u00fcr eine langanhaltende, ruhige und kl\u00e4rende Atmosph\u00e4re.<\/p>\n<hr data-start=\"1271\" data-end=\"1274\" \/>\n<h4 data-start=\"1276\" data-end=\"1297\"><span class=\"ez-toc-section\" id=\"Produktdetails\"><\/span>Produktinformation<span class=\"ez-toc-section-end\"><\/span><\/h4>\n<p data-start=\"1299\" data-end=\"1439\">Material: Glas | Sojawachs | Duftstoffe | Edelsteine<br data-start=\"1351\" data-end=\"1354\" \/>Ma\u00dfe: 20 x 5 cm<br data-start=\"1369\" data-end=\"1372\" \/>Gewicht: ca. 280 g<br data-start=\"1390\" data-end=\"1393\" \/>Brenndauer: ca. 50 Stunden<br data-start=\"1419\" data-end=\"1422\" \/>Herkunft: China<\/p>\n<hr data-start=\"2147\" data-end=\"2150\" \/>\n<h4 data-start=\"413\" data-end=\"449\"><span class=\"ez-toc-section\" id=\"Weitere_Inspiration_entdecken\"><\/span>Weitere Inspiration entdecken<span class=\"ez-toc-section-end\"><\/span><\/h4>\n<p data-start=\"450\" data-end=\"582\">Suchen Sie weitere besondere Produkte? Entdecken Sie zus\u00e4tzliche Highlights in unserem Sortiment oder besuchen Sie unsere Partnerprojekte:<\/p>\n<ul data-start=\"584\" data-end=\"920\">\n<li><a href=\"https:\/\/matvana.com\/shop\/\" target=\"_blank\" rel=\"noopener\">Stilvolle Wohn- &amp; Geschenkideen bei Matvana entdecken<\/a><\/li>\n<li data-start=\"657\" data-end=\"783\">\n<p data-start=\"659\" data-end=\"783\"><a href=\"https:\/\/honigbee.com\/sv\/shop\/\">Nat\u00fcrliche Produkte bei Honigbee ansehen<br \/>\n<\/a><\/p>\n<\/li>\n<li><a href=\"https:\/\/saphirsmaragd.com\/shop\/\" target=\"_blank\" rel=\"noopener\">Edelsteine &amp; Schmuckst\u00fccke bei Saphir &amp; Smaragd entdecken<\/a><\/li>\n<\/ul>","protected":false},"excerpt":{"rendered":"<p data-start=\"369\" data-end=\"503\"><em>Magic Spell Candle Cleansing \u2013 Spirituelle Duftkerze im Glas zur energetischen Reinigung und Balance mit bis zu 50 Stunden Brenndauer.<\/em><\/p>","protected":false},"featured_media":44834,"comment_status":"open","ping_status":"closed","template":"","meta":{"_glsr_average":0,"_glsr_ranking":0,"_glsr_reviews":0},"product_brand":[],"product_cat":[1535,1538,1537],"product_tag":[],"class_list":{"0":"post-44615","1":"product","2":"type-product","3":"status-publish","4":"has-post-thumbnail","6":"product_cat-duftkerzen","7":"product_cat-geschenkkerzen","8":"product_cat-ritualkerzen","10":"first","11":"instock","12":"shipping-taxable","13":"purchasable","14":"product-type-simple","15":"add-to-wishlist-before_image"},"jetpack_sharing_enabled":true,"_links":{"self":[{"href":"https:\/\/honigbee.com\/sv\/wp-json\/wp\/v2\/product\/44615","targetHints":{"allow":["GET"]}}],"collection":[{"href":"https:\/\/honigbee.com\/sv\/wp-json\/wp\/v2\/product"}],"about":[{"href":"https:\/\/honigbee.com\/sv\/wp-json\/wp\/v2\/types\/product"}],"replies":[{"embeddable":true,"href":"https:\/\/honigbee.com\/sv\/wp-json\/wp\/v2\/comments?post=44615"}],"version-history":[{"count":1,"href":"https:\/\/honigbee.com\/sv\/wp-json\/wp\/v2\/product\/44615\/revisions"}],"predecessor-version":[{"id":44835,"href":"https:\/\/honigbee.com\/sv\/wp-json\/wp\/v2\/product\/44615\/revisions\/44835"}],"wp:featuredmedia":[{"embeddable":true,"href":"https:\/\/honigbee.com\/sv\/wp-json\/wp\/v2\/media\/44834"}],"wp:attachment":[{"href":"https:\/\/honigbee.com\/sv\/wp-json\/wp\/v2\/media?parent=44615"}],"wp:term":[{"taxonomy":"product_brand","embeddable":true,"href":"https:\/\/honigbee.com\/sv\/wp-json\/wp\/v2\/product_brand?post=44615"},{"taxonomy":"product_cat","embeddable":true,"href":"https:\/\/honigbee.com\/sv\/wp-json\/wp\/v2\/product_cat?post=44615"},{"taxonomy":"product_tag","embeddable":true,"href":"https:\/\/honigbee.com\/sv\/wp-json\/wp\/v2\/product_tag?post=44615"}],"curies":[{"name":"wp","href":"https:\/\/api.w.org\/{rel}","templated":true}]}}