{"id":45300,"date":"2026-05-08T13:49:19","date_gmt":"2026-05-08T13:49:19","guid":{"rendered":"https:\/\/honigbee.com\/?post_type=product&#038;p=45300"},"modified":"2026-05-08T13:54:49","modified_gmt":"2026-05-08T13:54:49","slug":"duftkerze-glas-white-fig-sojawachs-kerze-im-glas-220-ml-fruchtig-warmer-duft-lange-brenndauer","status":"publish","type":"product","link":"https:\/\/honigbee.com\/sv\/produkt\/duftkerze-glas-white-fig-sojawachs-kerze-im-glas-220-ml-fruchtig-warmer-duft-lange-brenndauer\/","title":{"rendered":"Duftkerze Glas White Fig \u2013 Sojawachs Kerze im Glas 220 ml, fruchtig-warmer Duft, lange Brenndauer"},"content":{"rendered":"<div id=\"ez-toc-container\" class=\"ez-toc-v2_0_83 counter-hierarchy ez-toc-counter ez-toc-grey ez-toc-container-direction\">\n<div class=\"ez-toc-title-container\">\n<p class=\"ez-toc-title\" style=\"cursor:inherit\">Inneh\u00e5llsf\u00f6rteckning<\/p>\n<span class=\"ez-toc-title-toggle\"><a href=\"#\" class=\"ez-toc-pull-right ez-toc-btn ez-toc-btn-xs ez-toc-btn-default ez-toc-toggle\" aria-label=\"V\u00e4xla inneh\u00e5llsf\u00f6rteckning\"><span class=\"ez-toc-js-icon-con\"><span class=\"\"><span class=\"eztoc-hide\" style=\"display:none;\">V\u00e4xla<\/span><span class=\"ez-toc-icon-toggle-span\"><svg style=\"fill: #999;color:#999\" xmlns=\"http:\/\/www.w3.org\/2000\/svg\" class=\"list-377408\" width=\"20px\" height=\"20px\" viewbox=\"0 0 24 24\" fill=\"none\"><path d=\"M6 6H4v2h2V6zm14 0H8v2h12V6zM4 11h2v2H4v-2zm16 0H8v2h12v-2zM4 16h2v2H4v-2zm16 0H8v2h12v-2z\" fill=\"currentColor\"><\/path><\/svg><svg style=\"fill: #999;color:#999\" class=\"arrow-unsorted-368013\" xmlns=\"http:\/\/www.w3.org\/2000\/svg\" width=\"10px\" height=\"10px\" viewbox=\"0 0 24 24\" version=\"1.2\" baseprofile=\"tiny\"><path d=\"M18.2 9.3l-6.2-6.3-6.2 6.3c-.2.2-.3.4-.3.7s.1.5.3.7c.2.2.4.3.7.3h11c.3 0 .5-.1.7-.3.2-.2.3-.5.3-.7s-.1-.5-.3-.7zM5.8 14.7l6.2 6.3 6.2-6.3c.2-.2.3-.5.3-.7s-.1-.5-.3-.7c-.2-.2-.4-.3-.7-.3h-11c-.3 0-.5.1-.7.3-.2.2-.3.5-.3.7s.1.5.3.7z\"\/><\/svg><\/span><\/span><\/span><\/a><\/span><\/div>\n<nav><ul class='ez-toc-list ez-toc-list-level-1' ><li class='ez-toc-page-1 ez-toc-heading-level-4'><a class=\"ez-toc-link ez-toc-heading-1\" href=\"https:\/\/honigbee.com\/sv\/produkt\/duftkerze-glas-white-fig-sojawachs-kerze-im-glas-220-ml-fruchtig-warmer-duft-lange-brenndauer\/#Duftkerze_Glas_White_Fig_fur_eine_frische_und_warme_Atmosphare\" >Duftkerze Glas White Fig f\u00fcr eine frische und warme Atmosph\u00e4re<\/a><\/li><li class='ez-toc-page-1 ez-toc-heading-level-4'><a class=\"ez-toc-link ez-toc-heading-2\" href=\"https:\/\/honigbee.com\/sv\/produkt\/duftkerze-glas-white-fig-sojawachs-kerze-im-glas-220-ml-fruchtig-warmer-duft-lange-brenndauer\/#Hochwertiges_Sojawachs_fur_sauberes_Abbrennen\" >Hochwertiges Sojawachs f\u00fcr sauberes Abbrennen<\/a><\/li><li class='ez-toc-page-1 ez-toc-heading-level-4'><a class=\"ez-toc-link ez-toc-heading-3\" href=\"https:\/\/honigbee.com\/sv\/produkt\/duftkerze-glas-white-fig-sojawachs-kerze-im-glas-220-ml-fruchtig-warmer-duft-lange-brenndauer\/#Elegantes_Glasdesign_fur_jedes_Zuhause\" >Elegantes Glasdesign f\u00fcr jedes Zuhause<\/a><\/li><li class='ez-toc-page-1 ez-toc-heading-level-4'><a class=\"ez-toc-link ez-toc-heading-4\" href=\"https:\/\/honigbee.com\/sv\/produkt\/duftkerze-glas-white-fig-sojawachs-kerze-im-glas-220-ml-fruchtig-warmer-duft-lange-brenndauer\/#Harmonischer_Duft_mit_fruchtiger_Note\" >Harmonischer Duft mit fruchtiger Note<\/a><\/li><li class='ez-toc-page-1 ez-toc-heading-level-4'><a class=\"ez-toc-link ez-toc-heading-5\" href=\"https:\/\/honigbee.com\/sv\/produkt\/duftkerze-glas-white-fig-sojawachs-kerze-im-glas-220-ml-fruchtig-warmer-duft-lange-brenndauer\/#Ideal_als_Geschenk_oder_Dekoration\" >Ideal als Geschenk oder Dekoration<\/a><\/li><li class='ez-toc-page-1 ez-toc-heading-level-4'><a class=\"ez-toc-link ez-toc-heading-6\" href=\"https:\/\/honigbee.com\/sv\/produkt\/duftkerze-glas-white-fig-sojawachs-kerze-im-glas-220-ml-fruchtig-warmer-duft-lange-brenndauer\/#Produktdetails\" >Produktinformation<\/a><\/li><li class='ez-toc-page-1 ez-toc-heading-level-4'><a class=\"ez-toc-link ez-toc-heading-7\" href=\"https:\/\/honigbee.com\/sv\/produkt\/duftkerze-glas-white-fig-sojawachs-kerze-im-glas-220-ml-fruchtig-warmer-duft-lange-brenndauer\/#Weitere_Inspiration_entdecken\" >Weitere Inspiration entdecken<\/a><\/li><\/ul><\/nav><\/div>\n<h4 data-start=\"624\" data-end=\"695\"><span class=\"ez-toc-section\" id=\"Duftkerze_Glas_White_Fig_fur_eine_frische_und_warme_Atmosphare\"><\/span><span role=\"text\"><strong data-start=\"629\" data-end=\"695\">Duftkerze Glas White Fig f\u00fcr eine frische und warme Atmosph\u00e4re<\/strong><\/span><span class=\"ez-toc-section-end\"><\/span><\/h4>\n<p data-start=\"696\" data-end=\"843\">Die Duftkerze Glas White Fig verbindet fruchtige Feigenaromen mit einer warmen, angenehmen Duftnote und schafft eine entspannte Wohlf\u00fchlatmosph\u00e4re.<\/p>\n<hr data-start=\"845\" data-end=\"848\" \/>\n<h4 data-start=\"850\" data-end=\"904\"><span class=\"ez-toc-section\" id=\"Hochwertiges_Sojawachs_fur_sauberes_Abbrennen\"><\/span><span role=\"text\"><strong data-start=\"855\" data-end=\"904\">Hochwertiges Sojawachs f\u00fcr sauberes Abbrennen<\/strong><\/span><span class=\"ez-toc-section-end\"><\/span><\/h4>\n<p data-start=\"905\" data-end=\"1050\">Diese Kerze besteht aus nat\u00fcrlichem Sojawachs, das l\u00e4nger und sauberer brennt und eine nachhaltige Alternative zu herk\u00f6mmlichen Kerzen darstellt.<\/p>\n<hr data-start=\"1052\" data-end=\"1055\" \/>\n<h4 data-start=\"1057\" data-end=\"1104\"><span class=\"ez-toc-section\" id=\"Elegantes_Glasdesign_fur_jedes_Zuhause\"><\/span><span role=\"text\"><strong data-start=\"1062\" data-end=\"1104\">Elegantes Glasdesign f\u00fcr jedes Zuhause<\/strong><\/span><span class=\"ez-toc-section-end\"><\/span><\/h4>\n<p data-start=\"1105\" data-end=\"1225\">Das schlichte Glasgef\u00e4\u00df f\u00fcgt sich harmonisch in jede Einrichtung ein und kann nach dem Abbrennen wiederverwendet werden.<\/p>\n<hr data-start=\"1227\" data-end=\"1230\" \/>\n<h4 data-start=\"1232\" data-end=\"1278\"><span class=\"ez-toc-section\" id=\"Harmonischer_Duft_mit_fruchtiger_Note\"><\/span><span role=\"text\"><strong data-start=\"1237\" data-end=\"1278\">Harmonischer Duft mit fruchtiger Note<\/strong><\/span><span class=\"ez-toc-section-end\"><\/span><\/h4>\n<p data-start=\"1279\" data-end=\"1399\">Die White Fig Duftkomposition sorgt f\u00fcr ein ausgewogenes Raumklima \u2013 leicht s\u00fc\u00dflich, frisch und gleichzeitig beruhigend.<\/p>\n<hr data-start=\"1401\" data-end=\"1404\" \/>\n<h4 data-start=\"1406\" data-end=\"1449\"><span class=\"ez-toc-section\" id=\"Ideal_als_Geschenk_oder_Dekoration\"><\/span><span role=\"text\"><strong data-start=\"1411\" data-end=\"1449\">Ideal als Geschenk oder Dekoration<\/strong><\/span><span class=\"ez-toc-section-end\"><\/span><\/h4>\n<p data-start=\"1450\" data-end=\"1559\">Perfekt als Geschenkidee oder als stilvolle Erg\u00e4nzung f\u00fcr Ihr Zuhause \u2013 f\u00fcr gem\u00fctliche und besondere Momente.<\/p>\n<hr data-start=\"1561\" data-end=\"1564\" \/>\n<h4 data-start=\"1566\" data-end=\"1589\"><span class=\"ez-toc-section\" id=\"Produktdetails\"><\/span><span role=\"text\"><strong data-start=\"1571\" data-end=\"1589\">Produktinformation<\/strong><\/span><span class=\"ez-toc-section-end\"><\/span><\/h4>\n<p data-start=\"1590\" data-end=\"1756\">Material: Sojawachs<br data-start=\"1609\" data-end=\"1612\" \/>Beh\u00e4lter: Glas<br data-start=\"1626\" data-end=\"1629\" \/>Duft: White Fig<br data-start=\"1644\" data-end=\"1647\" \/>F\u00fcllmenge: ca. 220 ml<br data-start=\"1668\" data-end=\"1671\" \/>Brenndauer: ca. 30\u201335 Stunden<br data-start=\"1700\" data-end=\"1703\" \/>Farbe: Wei\u00df<br data-start=\"1714\" data-end=\"1717\" \/>Gewicht: ca. 0.5 kg<br data-start=\"1736\" data-end=\"1739\" \/>Herkunft: China<\/p>\n<hr data-start=\"2147\" data-end=\"2150\" \/>\n<h4 data-start=\"413\" data-end=\"449\"><span class=\"ez-toc-section\" id=\"Weitere_Inspiration_entdecken\"><\/span>Weitere Inspiration entdecken<span class=\"ez-toc-section-end\"><\/span><\/h4>\n<p data-start=\"450\" data-end=\"582\">Suchen Sie weitere besondere Produkte? Entdecken Sie zus\u00e4tzliche Highlights in unserem Sortiment oder besuchen Sie unsere Partnerprojekte:<\/p>\n<ul data-start=\"584\" data-end=\"920\">\n<li><a href=\"https:\/\/matvana.com\/shop\/\" target=\"_blank\" rel=\"noopener\">Stilvolle Wohn- &amp; Geschenkideen bei Matvana entdecken<\/a><\/li>\n<li data-start=\"657\" data-end=\"783\">\n<p data-start=\"659\" data-end=\"783\"><a href=\"https:\/\/honigbee.com\/sv\/shop\/\">Nat\u00fcrliche Produkte bei Honigbee ansehen<br \/>\n<\/a><\/p>\n<\/li>\n<li><a href=\"https:\/\/saphirsmaragd.com\/shop\/\" target=\"_blank\" rel=\"noopener\">Edelsteine &amp; Schmuckst\u00fccke bei Saphir &amp; Smaragd entdecken<\/a><\/li>\n<\/ul>","protected":false},"excerpt":{"rendered":"<p data-start=\"316\" data-end=\"468\"><em>Duftkerze Glas White Fig aus Sojawachs im eleganten Glas. Fruchtig-warmer Duft mit langer Brenndauer \u2013 perfekt f\u00fcr entspannte und stilvolle Wohnmomente.<\/em><\/p>","protected":false},"featured_media":45454,"comment_status":"open","ping_status":"closed","template":"","meta":{"_glsr_average":0,"_glsr_ranking":0,"_glsr_reviews":0},"product_brand":[],"product_cat":[1535],"product_tag":[],"class_list":{"0":"post-45300","1":"product","2":"type-product","3":"status-publish","4":"has-post-thumbnail","6":"product_cat-duftkerzen","8":"first","9":"instock","10":"shipping-taxable","11":"purchasable","12":"product-type-simple","13":"add-to-wishlist-before_image"},"jetpack_sharing_enabled":true,"_links":{"self":[{"href":"https:\/\/honigbee.com\/sv\/wp-json\/wp\/v2\/product\/45300","targetHints":{"allow":["GET"]}}],"collection":[{"href":"https:\/\/honigbee.com\/sv\/wp-json\/wp\/v2\/product"}],"about":[{"href":"https:\/\/honigbee.com\/sv\/wp-json\/wp\/v2\/types\/product"}],"replies":[{"embeddable":true,"href":"https:\/\/honigbee.com\/sv\/wp-json\/wp\/v2\/comments?post=45300"}],"version-history":[{"count":1,"href":"https:\/\/honigbee.com\/sv\/wp-json\/wp\/v2\/product\/45300\/revisions"}],"predecessor-version":[{"id":45455,"href":"https:\/\/honigbee.com\/sv\/wp-json\/wp\/v2\/product\/45300\/revisions\/45455"}],"wp:featuredmedia":[{"embeddable":true,"href":"https:\/\/honigbee.com\/sv\/wp-json\/wp\/v2\/media\/45454"}],"wp:attachment":[{"href":"https:\/\/honigbee.com\/sv\/wp-json\/wp\/v2\/media?parent=45300"}],"wp:term":[{"taxonomy":"product_brand","embeddable":true,"href":"https:\/\/honigbee.com\/sv\/wp-json\/wp\/v2\/product_brand?post=45300"},{"taxonomy":"product_cat","embeddable":true,"href":"https:\/\/honigbee.com\/sv\/wp-json\/wp\/v2\/product_cat?post=45300"},{"taxonomy":"product_tag","embeddable":true,"href":"https:\/\/honigbee.com\/sv\/wp-json\/wp\/v2\/product_tag?post=45300"}],"curies":[{"name":"wp","href":"https:\/\/api.w.org\/{rel}","templated":true}]}}